{"id":2,"date":"2021-08-20T11:09:17","date_gmt":"2021-08-20T08:09:17","guid":{"rendered":"http:\/\/shoulduknow.com\/?page_id=2"},"modified":"2022-12-24T13:53:07","modified_gmt":"2022-12-24T10:53:07","slug":"ornek-sayfa","status":"publish","type":"page","link":"https:\/\/shoulduknow.com\/index.php\/ornek-sayfa\/","title":{"rendered":"\u00d6rnek sayfa"},"content":{"rendered":"\n[et_pb_section][et_pb_row][et_pb_column type=&#8221;4_4&#8243;][et_pb_text]<!-- divi:paragraph -->\n<p>Bu \u00f6rnek bir sayfad\u0131r. Bir blog yaz\u0131s\u0131ndan farkl\u0131d\u0131r \u00e7\u00fcnk\u00fc belirli bir yerde sabit olarak kal\u0131r ve teman\u0131z\u0131n dola\u015f\u0131m men\u00fcs\u00fcnde ba\u015fl\u0131\u011f\u0131 g\u00f6r\u00fcnt\u00fclenir(\u00e7o\u011fu tema destekler). Bir \u00e7ok insan potansiyel ziyaret\u00e7ilerini kar\u015f\u0131lamak ad\u0131na bir Hakk\u0131nda sayfas\u0131 kullan\u0131r. \u015euna benzeyen bir sayfa:<\/p>\n<!-- \/divi:paragraph -->\n\n<!-- divi:quote -->\n<blockquote class=\"wp-block-quote\"><!-- divi:paragraph -->\n<p>Merhaba! G\u00fcnd\u00fczleri bisikletli kurye, geceleri ise hevesli bir akt\u00f6r\u00fcm, buras\u0131 da benim sitem. \u0130stanbul\u2019da ya\u015f\u0131yorum, B\u0131d\u0131k isminde harika bir k\u00f6pe\u011fim var ve pi\u00f1a colada i\u00e7meyi seviyorum. (Ve ya\u011fmura yakalanmay\u0131.)<\/p>\n<!-- \/divi:paragraph --><\/blockquote>\n<!-- \/divi:quote -->\n\n<!-- divi:paragraph -->\n<p>\u2026ya da bunun gibi bir \u015feyler:<\/p>\n<!-- \/divi:paragraph -->\n\n<!-- divi:quote -->\n<blockquote class=\"wp-block-quote\"><!-- divi:paragraph -->\n<p>XYZ firmas\u0131 1971\u2019de kurulmu\u015ftur ve kuruldu\u011fundan bu yana kaliteli \u015feyler \u00fcretmektedir. Gotham \u015fehrinde konu\u015flanm\u0131\u015f olan XYZ firmas\u0131 2.000\u2019in \u00fczerinde \u00e7al\u0131\u015fan\u0131 ile Gotham \u015fehri i\u00e7in her \u015feyin en iyisini yapmaya \u00e7al\u0131\u015fmaktad\u0131r.<\/p>\n<!-- \/divi:paragraph --><\/blockquote>\n<!-- \/divi:quote -->\n\n<!-- divi:paragraph -->\n<p>Yeni bir WordPress kullan\u0131c\u0131s\u0131 olarak \u00f6ncelikle <a href=\"https:\/\/shoulduknow.com\/wp-admin\/\">ba\u015flang\u0131\u00e7 sayfas\u0131na<\/a> giderek bu sayfay\u0131 silip kendi sayfalar\u0131n\u0131z\u0131 olu\u015fturmal\u0131s\u0131n\u0131z. \u0130yi e\u011flenceler!<\/p>\n<!-- \/divi:paragraph -->[\/et_pb_text][\/et_pb_column][\/et_pb_row][\/et_pb_section]\n","protected":false},"excerpt":{"rendered":"<p><div class=\"et_pb_section et_pb_section_0 et_section_regular\" >\n\t\t\t\t\n\t\t\t\t\n\t\t\t\t\n\t\t\t\t\n\t\t\t\t\n\t\t\t\t\n\t\t\t\t\n\t\t\t\t\n\t\t\t\t\n\t\t\t<\/div><div class=\"et_pb_row et_pb_row_0 et_pb_row_empty\">\n\t\t\t\t\n\t\t\t\t\n\t\t\t\t\n\t\t\t\t\n\t\t\t\t\n\t\t\t<\/div><div class=\"et_pb_module et_pb_text et_pb_text_0  et_pb_text_align_left et_pb_bg_layout_light\">\n\t\t\t\t\n\t\t\t\t\n\t\t\t\t\n\t\t\t\t\n\t\t\t\t\n\t\t\t<\/div> Bu \u00f6rnek bir sayfad\u0131r. Bir blog yaz\u0131s\u0131ndan farkl\u0131d\u0131r \u00e7\u00fcnk\u00fc belirli bir yerde sabit olarak kal\u0131r ve teman\u0131z\u0131n dola\u015f\u0131m men\u00fcs\u00fcnde ba\u015fl\u0131\u011f\u0131 g\u00f6r\u00fcnt\u00fclenir(\u00e7o\u011fu tema destekler). Bir \u00e7ok insan potansiyel ziyaret\u00e7ilerini kar\u015f\u0131lamak ad\u0131na bir Hakk\u0131nda sayfas\u0131 kullan\u0131r. \u015euna benzeyen bir sayfa: Merhaba! G\u00fcnd\u00fczleri bisikletli kurye, geceleri ise hevesli bir akt\u00f6r\u00fcm, buras\u0131 da benim sitem. \u0130stanbul\u2019da ya\u015f\u0131yorum, B\u0131d\u0131k [&hellip;]<\/p>\n","protected":false},"author":1,"featured_media":0,"parent":0,"menu_order":0,"comment_status":"closed","ping_status":"open","template":"","meta":{"_et_pb_use_builder":"on","_et_pb_old_content":"<!-- wp:paragraph -->\n<p>Bu \u00f6rnek bir sayfad\u0131r. Bir blog yaz\u0131s\u0131ndan farkl\u0131d\u0131r \u00e7\u00fcnk\u00fc belirli bir yerde sabit olarak kal\u0131r ve teman\u0131z\u0131n dola\u015f\u0131m men\u00fcs\u00fcnde ba\u015fl\u0131\u011f\u0131 g\u00f6r\u00fcnt\u00fclenir(\u00e7o\u011fu tema destekler). Bir \u00e7ok insan potansiyel ziyaret\u00e7ilerini kar\u015f\u0131lamak ad\u0131na bir Hakk\u0131nda sayfas\u0131 kullan\u0131r. \u015euna benzeyen bir sayfa:<\/p>\n<!-- \/wp:paragraph -->\n\n<!-- wp:quote -->\n<blockquote class=\"wp-block-quote\"><!-- wp:paragraph -->\n<p>Merhaba! G\u00fcnd\u00fczleri bisikletli kurye, geceleri ise hevesli bir akt\u00f6r\u00fcm, buras\u0131 da benim sitem. \u0130stanbul\u2019da ya\u015f\u0131yorum, B\u0131d\u0131k isminde harika bir k\u00f6pe\u011fim var ve pi\u00f1a colada i\u00e7meyi seviyorum. (Ve ya\u011fmura yakalanmay\u0131.)<\/p>\n<!-- \/wp:paragraph --><\/blockquote>\n<!-- \/wp:quote -->\n\n<!-- wp:paragraph -->\n<p>\u2026ya da bunun gibi bir \u015feyler:<\/p>\n<!-- \/wp:paragraph -->\n\n<!-- wp:quote -->\n<blockquote class=\"wp-block-quote\"><!-- wp:paragraph -->\n<p>XYZ firmas\u0131 1971\u2019de kurulmu\u015ftur ve kuruldu\u011fundan bu yana kaliteli \u015feyler \u00fcretmektedir. Gotham \u015fehrinde konu\u015flanm\u0131\u015f olan XYZ firmas\u0131 2.000\u2019in \u00fczerinde \u00e7al\u0131\u015fan\u0131 ile Gotham \u015fehri i\u00e7in her \u015feyin en iyisini yapmaya \u00e7al\u0131\u015fmaktad\u0131r.<\/p>\n<!-- \/wp:paragraph --><\/blockquote>\n<!-- \/wp:quote -->\n\n<!-- wp:paragraph -->\n<p>Yeni bir WordPress kullan\u0131c\u0131s\u0131 olarak \u00f6ncelikle <a href=\"http:\/\/shoulduknow.com\/wp-admin\/\">ba\u015flang\u0131\u00e7 sayfas\u0131na<\/a> giderek bu sayfay\u0131 silip kendi sayfalar\u0131n\u0131z\u0131 olu\u015fturmal\u0131s\u0131n\u0131z. \u0130yi e\u011flenceler!<\/p>\n<!-- \/wp:paragraph -->","_et_gb_content_width":"","footnotes":""},"class_list":["post-2","page","type-page","status-publish","hentry"],"_links":{"self":[{"href":"https:\/\/shoulduknow.com\/index.php\/wp-json\/wp\/v2\/pages\/2","targetHints":{"allow":["GET"]}}],"collection":[{"href":"https:\/\/shoulduknow.com\/index.php\/wp-json\/wp\/v2\/pages"}],"about":[{"href":"https:\/\/shoulduknow.com\/index.php\/wp-json\/wp\/v2\/types\/page"}],"author":[{"embeddable":true,"href":"https:\/\/shoulduknow.com\/index.php\/wp-json\/wp\/v2\/users\/1"}],"replies":[{"embeddable":true,"href":"https:\/\/shoulduknow.com\/index.php\/wp-json\/wp\/v2\/comments?post=2"}],"version-history":[{"count":1,"href":"https:\/\/shoulduknow.com\/index.php\/wp-json\/wp\/v2\/pages\/2\/revisions"}],"predecessor-version":[{"id":43,"href":"https:\/\/shoulduknow.com\/index.php\/wp-json\/wp\/v2\/pages\/2\/revisions\/43"}],"wp:attachment":[{"href":"https:\/\/shoulduknow.com\/index.php\/wp-json\/wp\/v2\/media?parent=2"}],"curies":[{"name":"wp","href":"https:\/\/api.w.org\/{rel}","templated":true}]}}